{"id":6902,"date":"2021-03-09T13:47:52","date_gmt":"2021-03-09T11:47:52","guid":{"rendered":"https:\/\/kuopiontaidemuseo.fi\/julkinen-taide\/"},"modified":"2025-10-16T10:24:41","modified_gmt":"2025-10-16T07:24:41","slug":"public-art","status":"publish","type":"page","link":"https:\/\/kummamuseo.fi\/en\/public-art\/","title":{"rendered":"Public art"},"content":{"rendered":"\n<div class=\"wp-block-columns is-layout-flex wp-container-core-columns-is-layout-9d6595d7 wp-block-columns-is-layout-flex\">\n<div class=\"wp-block-column is-layout-flow wp-block-column-is-layout-flow\" style=\"flex-basis:60%\">\n<p>Kuopio is known for its large and diverse collection of public art. The city has around 150 outdoor artworks &#8211; sculptures, reliefs, plaques, environmental works and murals. More than half of the city&#8217;s public art is part of the art collection of the City of Kuopio. The rest is owned by other parties like the parish, banks and the wellbeing services county.<\/p>\n\n\n\n<p>In addition, more than 600 works are located in the city&#8217;s semi-public spaces, such as schools, kindergartens and offices. Some of these are specially designed and commissioned for the buildings, while some are from the city&#8217;s collections, which allows for greater access to and visibility of art in different parts of the city.<\/p>\n\n\n\n<p>Kuopio\u2019s public art makes the city a vibrant and interesting place to live and visit. Art is a significant part of the city\u2019s identity, bringing an element of surprise and joy to the urban space and enriching everyday experiences. The works contribute to the amenity of the built environment and strengthen local identity. Kuopio\u2019s public art constantly offers new discoveries and experiences for all city residents and tourists.<\/p>\n<\/div>\n\n\n\n<div class=\"wp-block-column is-layout-flow wp-block-column-is-layout-flow\">\n<div id=\"wp-block-themeisle-blocks-slider-12526c30\" class=\"wp-block-themeisle-blocks-slider glide\" data-per-view=\"1\" data-gap=\"0\" data-peek=\"0\" data-autoplay=\"4000\" data-height=\"600px\" data-hide-arrows=\"false\"><div class=\"glide__track\" data-glide-el=\"track\"><div class=\"glide__slides\"><div class=\"wp-block-themeisle-blocks-slider-item-wrapper glide__slide\" tabindex=\"0\"><figure><img decoding=\"async\" class=\"wp-block-themeisle-blocks-slider-item\" src=\"https:\/\/kummamuseo.fi\/wp-content\/uploads\/2024\/06\/KKK000286-scaled.jpg\" alt=\"\" title=\"\" data-id=\"6444\"\/><\/figure><\/div><div class=\"wp-block-themeisle-blocks-slider-item-wrapper glide__slide\" tabindex=\"0\"><figure><img decoding=\"async\" class=\"wp-block-themeisle-blocks-slider-item\" src=\"https:\/\/kummamuseo.fi\/wp-content\/uploads\/2024\/06\/KKK001941-scaled.jpg\" alt=\"\" title=\"\" data-id=\"6442\"\/><\/figure><\/div><div class=\"wp-block-themeisle-blocks-slider-item-wrapper glide__slide\" tabindex=\"0\"><figure><img decoding=\"async\" class=\"wp-block-themeisle-blocks-slider-item\" src=\"https:\/\/kummamuseo.fi\/wp-content\/uploads\/2024\/06\/KKK000888-scaled.jpg\" alt=\"\" title=\"\" data-id=\"6470\"\/><\/figure><\/div><div class=\"wp-block-themeisle-blocks-slider-item-wrapper glide__slide\" tabindex=\"0\"><figure><img decoding=\"async\" class=\"wp-block-themeisle-blocks-slider-item\" src=\"https:\/\/kummamuseo.fi\/wp-content\/uploads\/2024\/06\/KKK001144-H.png\" alt=\"\" title=\"\" data-id=\"6474\"\/><\/figure><\/div><div class=\"wp-block-themeisle-blocks-slider-item-wrapper glide__slide\" tabindex=\"0\"><figure><img decoding=\"async\" class=\"wp-block-themeisle-blocks-slider-item\" src=\"https:\/\/kummamuseo.fi\/wp-content\/uploads\/2024\/06\/KKK002069-scaled.jpg\" alt=\"\" title=\"\" data-id=\"6548\"\/><\/figure><\/div><div class=\"wp-block-themeisle-blocks-slider-item-wrapper glide__slide\" tabindex=\"0\"><figure><img decoding=\"async\" class=\"wp-block-themeisle-blocks-slider-item\" src=\"https:\/\/kummamuseo.fi\/wp-content\/uploads\/2024\/08\/KKK000288-J.jpg\" alt=\"\" title=\"\" data-id=\"8648\"\/><\/figure><\/div><div class=\"wp-block-themeisle-blocks-slider-item-wrapper glide__slide\" tabindex=\"0\"><figure><img decoding=\"async\" class=\"wp-block-themeisle-blocks-slider-item\" src=\"https:\/\/kummamuseo.fi\/wp-content\/uploads\/2024\/08\/KKK000287-B-scaled.jpg\" alt=\"\" title=\"\" data-id=\"8650\"\/><\/figure><\/div><div class=\"wp-block-themeisle-blocks-slider-item-wrapper glide__slide\" tabindex=\"0\"><figure><img decoding=\"async\" class=\"wp-block-themeisle-blocks-slider-item\" src=\"https:\/\/kummamuseo.fi\/wp-content\/uploads\/2024\/08\/KKK001241-E.jpg\" alt=\"\" title=\"\" data-id=\"8652\"\/><\/figure><\/div><\/div><div class=\"glide__bullets\" data-glide-el=\"controls[nav]\"><button class=\"glide__bullet\" data-glide-dir=\"=0\"><\/button><button class=\"glide__bullet\" data-glide-dir=\"=1\"><\/button><button class=\"glide__bullet\" data-glide-dir=\"=2\"><\/button><button class=\"glide__bullet\" data-glide-dir=\"=3\"><\/button><button class=\"glide__bullet\" data-glide-dir=\"=4\"><\/button><button class=\"glide__bullet\" data-glide-dir=\"=5\"><\/button><button class=\"glide__bullet\" data-glide-dir=\"=6\"><\/button><button class=\"glide__bullet\" data-glide-dir=\"=7\"><\/button><\/div><\/div><\/div>\n<\/div>\n<\/div>\n\n\n\n<h3 class=\"wp-block-heading\">&nbsp;<\/h3>\n\n\n\n<div id=\"wp-block-themeisle-blocks-advanced-columns-a2946a77\" class=\"wp-block-themeisle-blocks-advanced-columns alignfull has-2-columns has-desktop-equal-layout has-tablet-equal-layout has-mobile-collapsedRows-layout has-vertical-center ticss-a2946a77 has-dark-bg\"><div class=\"wp-block-themeisle-blocks-advanced-columns-overlay\"><\/div><div class=\"innerblocks-wrap\">\n<div id=\"wp-block-themeisle-blocks-advanced-column-bbddf55b\" class=\"wp-block-themeisle-blocks-advanced-column\"><div class=\"wp-block-image\">\n<figure class=\"aligncenter size-full\"><img loading=\"lazy\" decoding=\"async\" width=\"1800\" height=\"2250\" src=\"https:\/\/kummamuseo.fi\/wp-content\/uploads\/2024\/08\/KKK000289-B-1.jpg\" alt=\"statue of Minna Canth wearing a flower crown.\" class=\"wp-image-8672\" srcset=\"https:\/\/kummamuseo.fi\/wp-content\/uploads\/2024\/08\/KKK000289-B-1.jpg 1800w, https:\/\/kummamuseo.fi\/wp-content\/uploads\/2024\/08\/KKK000289-B-1-240x300.jpg 240w, https:\/\/kummamuseo.fi\/wp-content\/uploads\/2024\/08\/KKK000289-B-1-819x1024.jpg 819w, https:\/\/kummamuseo.fi\/wp-content\/uploads\/2024\/08\/KKK000289-B-1-768x960.jpg 768w, https:\/\/kummamuseo.fi\/wp-content\/uploads\/2024\/08\/KKK000289-B-1-1229x1536.jpg 1229w, https:\/\/kummamuseo.fi\/wp-content\/uploads\/2024\/08\/KKK000289-B-1-1638x2048.jpg 1638w\" sizes=\"auto, (max-width: 1800px) 100vw, 1800px\" \/><figcaption class=\"wp-element-caption\">Eemil Halonen&#8217;s Minna Canth (1937) wearing a flower crown.<\/figcaption><\/figure>\n<\/div><\/div>\n\n\n\n<div id=\"wp-block-themeisle-blocks-advanced-column-92b2db05\" class=\"wp-block-themeisle-blocks-advanced-column\">\n<h2 id=\"wp-block-themeisle-blocks-advanced-heading-8f1f2647\" class=\"wp-block-themeisle-blocks-advanced-heading wp-block-themeisle-blocks-advanced-heading-8f1f2647\">Did you know?<\/h2>\n\n\n\n<p class=\"has-white-color has-text-color has-link-color wp-elements-4aaaf24ef3c37463c25e138ee3d10361\">Many public works of art act as bearers of different messages and receive different kinds of attention during celebrations and events. The KUMMA is responsible for the care of public works of art belonging to the collection of the City of Kuopio, so it also issues permits for capping or wreathing etc. ceremonies and provides instructions in order to prevent any damages.<\/p>\n\n\n\n<p class=\"has-white-color has-text-color has-link-color wp-elements-74b164b031cd6f9798088851284e1610\">The decoration of the statues, and the events created around them, are one indication of the importance of public art for the people.<\/p>\n\n\n\n<div class=\"wp-block-buttons is-layout-flex wp-block-buttons-is-layout-flex\">\n<div class=\"wp-block-button is-style-primary\"><a class=\"wp-block-button__link wp-element-button\" href=\"mailto:maarit.hakkarainen@kuopio.fi\">Send us an email<\/a><\/div>\n<\/div>\n<\/div>\n<\/div><\/div>\n\n\n\n<div id=\"wp-block-themeisle-blocks-advanced-columns-35825447\" class=\"wp-block-themeisle-blocks-advanced-columns alignfull has-2-columns has-desktop-equal-layout has-tablet-equal-layout has-mobile-collapsedRows-layout has-vertical-center ticss-c00aadba\"><div class=\"wp-block-themeisle-blocks-advanced-columns-overlay\"><\/div><div class=\"innerblocks-wrap\">\n<div id=\"wp-block-themeisle-blocks-advanced-column-ed1b12ac\" class=\"wp-block-themeisle-blocks-advanced-column\">\n<h2 id=\"wp-block-themeisle-blocks-advanced-heading-8f3ca166\" class=\"wp-block-themeisle-blocks-advanced-heading wp-block-themeisle-blocks-advanced-heading-8f3ca166\">Care and maintenance of works<\/h2>\n\n\n\n<p>KUMMA takes care of public art in the city\u2019s collection in cooperation with the Service Area for Urban Environment. The works are cared for through conservation, repair and cleaning, among other things. You might have seen our museum technician putting Pekka Kauhanen\u2019s Oksapoika statue back into May Day condition by polishing the eyes of the statue.<\/p>\n\n\n\n<div class=\"wp-block-group alignfull\"><div class=\"wp-block-group__inner-container is-layout-constrained wp-block-group-is-layout-constrained\">\n<div class=\"wp-block-group alignfull has-text-color has-background\" style=\"color:#000000;background-color:#ffffff\"><div class=\"wp-block-group__inner-container is-layout-flow wp-block-group-is-layout-flow\">\n<h4 id=\"wp-block-themeisle-blocks-advanced-heading-1b61f32b\" class=\"wp-block-themeisle-blocks-advanced-heading wp-block-themeisle-blocks-advanced-heading-1b61f32b o-typing-delay-2s\">Did you notice damage to a work?<\/h4>\n\n\n\n<div class=\"wp-block-buttons is-vertical is-content-justification-center is-layout-flex wp-container-core-buttons-is-layout-9a7cdcfd wp-block-buttons-is-layout-flex\">\n<div class=\"wp-block-button has-custom-width wp-block-button__width-100 ticss-437d7405\"><a class=\"wp-block-button__link has-text-color has-background wp-element-button\" href=\"mailto:maarit.hakkarainen@kuopio.fi\" style=\"border-radius:50px;color:#ffffff;background-color:#000000\">Notify by email<\/a><\/div>\n<\/div>\n\n\n\n<div style=\"height:64px\" aria-hidden=\"true\" class=\"wp-block-spacer\"><\/div>\n<\/div><\/div>\n<\/div><\/div>\n<\/div>\n\n\n\n<div id=\"wp-block-themeisle-blocks-advanced-column-fedc9d47\" class=\"wp-block-themeisle-blocks-advanced-column\">\n<figure class=\"wp-block-image size-full\"><img loading=\"lazy\" decoding=\"async\" width=\"809\" height=\"1017\" src=\"https:\/\/kummamuseo.fi\/wp-content\/uploads\/2024\/06\/Oksapojan-silmikon-kiillotus.jpg\" alt=\"L\u00e4hikuva Oksapojan kasvoista. Kuvassa n\u00e4kyy k\u00e4si kiillottamassa teosta kangasr\u00e4till\u00e4.\" class=\"wp-image-6612\" srcset=\"https:\/\/kummamuseo.fi\/wp-content\/uploads\/2024\/06\/Oksapojan-silmikon-kiillotus.jpg 809w, https:\/\/kummamuseo.fi\/wp-content\/uploads\/2024\/06\/Oksapojan-silmikon-kiillotus-239x300.jpg 239w, https:\/\/kummamuseo.fi\/wp-content\/uploads\/2024\/06\/Oksapojan-silmikon-kiillotus-768x965.jpg 768w\" sizes=\"auto, (max-width: 809px) 100vw, 809px\" \/><figcaption class=\"wp-element-caption\">Museum technician polishing Pekka Kauhanen&#8217;s Oksapoika (2013).<\/figcaption><\/figure>\n<\/div>\n<\/div><\/div>\n\n\n\n<div id=\"wp-block-themeisle-blocks-advanced-columns-05cc5376\" class=\"wp-block-themeisle-blocks-advanced-columns alignfull has-2-columns has-desktop-equal-layout has-tablet-equal-layout has-mobile-collapsedRows-layout has-vertical-center ticss-a2946a77 has-dark-bg\"><div class=\"wp-block-themeisle-blocks-advanced-columns-overlay\"><\/div><div class=\"innerblocks-wrap\">\n<div id=\"wp-block-themeisle-blocks-advanced-column-eb2ac4aa\" class=\"wp-block-themeisle-blocks-advanced-column\"><div class=\"wp-block-image is-style-default\">\n<figure class=\"aligncenter size-full\"><img loading=\"lazy\" decoding=\"async\" width=\"2048\" height=\"2560\" src=\"https:\/\/kummamuseo.fi\/wp-content\/uploads\/2024\/08\/MannistonPvkodin-taideteos2022-VicenteSerra-02-2-scaled.jpg\" alt=\"ulkoportaikko, ison rakennuksen sis\u00e4\u00e4nk\u00e4ynti, korkeassa sein\u00e4ss\u00e4 useita veistoksia\" class=\"wp-image-8669\" srcset=\"https:\/\/kummamuseo.fi\/wp-content\/uploads\/2024\/08\/MannistonPvkodin-taideteos2022-VicenteSerra-02-2-scaled.jpg 2048w, https:\/\/kummamuseo.fi\/wp-content\/uploads\/2024\/08\/MannistonPvkodin-taideteos2022-VicenteSerra-02-2-240x300.jpg 240w, https:\/\/kummamuseo.fi\/wp-content\/uploads\/2024\/08\/MannistonPvkodin-taideteos2022-VicenteSerra-02-2-819x1024.jpg 819w, https:\/\/kummamuseo.fi\/wp-content\/uploads\/2024\/08\/MannistonPvkodin-taideteos2022-VicenteSerra-02-2-768x960.jpg 768w, https:\/\/kummamuseo.fi\/wp-content\/uploads\/2024\/08\/MannistonPvkodin-taideteos2022-VicenteSerra-02-2-1229x1536.jpg 1229w, https:\/\/kummamuseo.fi\/wp-content\/uploads\/2024\/08\/MannistonPvkodin-taideteos2022-VicenteSerra-02-2-1638x2048.jpg 1638w\" sizes=\"auto, (max-width: 2048px) 100vw, 2048px\" \/><figcaption class=\"wp-element-caption\">Percentage art on the exterior wall of the M\u00e4nnist\u00f6 kindergarten, completed in 2021. The sculpture is El\u00e4m\u00e4n virta (2021), by Jarkko Liutu.<\/figcaption><\/figure>\n<\/div><\/div>\n\n\n\n<div id=\"wp-block-themeisle-blocks-advanced-column-38bf8d0b\" class=\"wp-block-themeisle-blocks-advanced-column\">\n<h2 id=\"wp-block-themeisle-blocks-advanced-heading-13004752\" class=\"wp-block-themeisle-blocks-advanced-heading wp-block-themeisle-blocks-advanced-heading-13004752\">Did you know?<\/h2>\n\n\n\n<p class=\"has-white-color has-text-color has-link-color wp-elements-661bcc92bc8b69e6be8be97a44f8052b\">Like many other Finnish municipalities, the City of Kuopio follows the percentage principle. The percentage principle means that at least one percent of the construction costs are spent on art. It applies to all construction, from building construction to environmental construction. New construction and renovation work also follow the percentage principle.<\/p>\n\n\n\n<p class=\"has-white-color has-text-color has-link-color wp-elements-fae68588814d9b002cecbc6633dd2c4f\">Percentage art can take the form of a variety of works and it also can be elements integrated into structures. Percentage art recognises the role of art in creating a sense of comfort, sociality and security in spaces.<\/p>\n<\/div>\n<\/div><\/div>\n\n\n\n<h2 id=\"wp-block-themeisle-blocks-advanced-heading-195f7761\" class=\"wp-block-themeisle-blocks-advanced-heading wp-block-themeisle-blocks-advanced-heading-195f7761\">Kuopio Sculpture Quiz<\/h2>\n\n\n\n<p>You can also discover public art by playing games. The Kuopio Sculpture Quiz game works on smart devices with the Nomadi app. Download the Nomadi app from your device&#8217;s app store, where you can find the <strong>Kuopio Sculpture Quiz<\/strong>. The games start by arriving to the starting point, the Kuopio Art Museum. The game asks questions related to the statues. After the correct answer, the player is given more information about the work and a route to the next destination is drawn on the map. The Sculpture Quiz includes 14 works. The route is about 5 km. The game works on Android and iOS phones.<\/p>\n\n\n\n<h3 class=\"wp-block-heading\">Browser version of the game and maps<\/h3>\n\n\n\n<p>You can also use the browser version of the game, which does not require installing the app. The browser version also allows you to explore public art through maps and playing the games remotely. In the browser version, start the game by clicking on the Kuopio Art Museum text in the top left corner and answer the question that appears.<\/p>\n\n\n\n<ul class=\"wp-block-list\">\n<li><a href=\"https:\/\/citynomadi.com\/route\/ded9edfbab519fa081b9b40443bdf2a1?lang=en\">Kuopio Sculptures map (browser version)<\/a><\/li>\n\n\n\n<li><a href=\"https:\/\/citynomadi.com\/route\/06a66b8c8214cb82e12ebfa6df748a79?lang=en\">Kuopio Sculpture Quiz (browser version)<\/a><\/li>\n<\/ul>\n\n\n\n<p><\/p>\n","protected":false},"excerpt":{"rendered":"<p>Kuopio is known for its large and diverse collection of public art. The city has around 150 outdoor artworks &#8211; sculptures, reliefs, plaques, environmental works and murals. More than half [&hellip;]<\/p>\n","protected":false},"author":7,"featured_media":6668,"parent":0,"menu_order":0,"comment_status":"closed","ping_status":"closed","template":"","meta":{"xn-wppe-expiration":[],"xn-wppe-expiration-action":[],"xn-wppe-expiration-prefix":[],"advgb_blocks_editor_width":"","advgb_blocks_columns_visual_guide":"","_genesis_hide_title":false,"_genesis_hide_breadcrumbs":false,"_genesis_hide_singular_image":false,"_genesis_hide_footer_widgets":false,"_genesis_custom_body_class":"","_genesis_custom_post_class":"","_genesis_layout":"","_EventAllDay":false,"_EventTimezone":"","_EventStartDate":"","_EventEndDate":"","_EventStartDateUTC":"","_EventEndDateUTC":"","_EventShowMap":false,"_EventShowMapLink":false,"_EventURL":"","_EventCost":"","_EventCostDescription":"","_EventCurrencySymbol":"","_EventCurrencyCode":"","_EventCurrencyPosition":"","_EventDateTimeSeparator":"","_EventTimeRangeSeparator":"","_EventOrganizerID":[],"_EventVenueID":[],"_OrganizerEmail":"","_OrganizerPhone":"","_OrganizerWebsite":"","_VenueAddress":"","_VenueCity":"","_VenueCountry":"","_VenueProvince":"","_VenueState":"","_VenueZip":"","_VenuePhone":"","_VenueURL":"","_VenueStateProvince":"","_VenueLat":"","_VenueLng":"","_VenueShowMap":false,"_VenueShowMapLink":false,"_themeisle_gutenberg_block_has_review":false,"footnotes":""},"class_list":["post-6902","page","type-page","status-publish","has-post-thumbnail","entry"],"yoast_head":"<!-- This site is optimized with the Yoast SEO plugin v27.5 - https:\/\/yoast.com\/product\/yoast-seo-wordpress\/ -->\n<title>Public art - kummamuseo.fi<\/title>\n<meta name=\"robots\" content=\"index, follow, max-snippet:-1, max-image-preview:large, max-video-preview:-1\" \/>\n<link rel=\"canonical\" href=\"https:\/\/kummamuseo.fi\/en\/public-art\/\" \/>\n<meta property=\"og:locale\" content=\"en_US\" \/>\n<meta property=\"og:type\" content=\"article\" \/>\n<meta property=\"og:title\" content=\"Public art - kummamuseo.fi\" \/>\n<meta property=\"og:description\" content=\"Kuopio is known for its large and diverse collection of public art. The city has around 150 outdoor artworks &#8211; sculptures, reliefs, plaques, environmental works and murals. More than half [&hellip;]\" \/>\n<meta property=\"og:url\" content=\"https:\/\/kummamuseo.fi\/en\/public-art\/\" \/>\n<meta property=\"og:site_name\" content=\"kummamuseo.fi\" \/>\n<meta property=\"article:modified_time\" content=\"2025-10-16T07:24:41+00:00\" \/>\n<meta property=\"og:image\" content=\"https:\/\/kummamuseo.fi\/wp-content\/uploads\/2024\/06\/Veljmiehen-paljastus-1.jpg\" \/>\n\t<meta property=\"og:image:width\" content=\"1903\" \/>\n\t<meta property=\"og:image:height\" content=\"472\" \/>\n\t<meta property=\"og:image:type\" content=\"image\/jpeg\" \/>\n<meta name=\"twitter:card\" content=\"summary_large_image\" \/>\n<meta name=\"twitter:label1\" content=\"Est. reading time\" \/>\n\t<meta name=\"twitter:data1\" content=\"2 minutes\" \/>\n<script type=\"application\/ld+json\" class=\"yoast-schema-graph\">{\"@context\":\"https:\\\/\\\/schema.org\",\"@graph\":[{\"@type\":\"WebPage\",\"@id\":\"https:\\\/\\\/kummamuseo.fi\\\/en\\\/public-art\\\/\",\"url\":\"https:\\\/\\\/kummamuseo.fi\\\/en\\\/public-art\\\/\",\"name\":\"Public art - kummamuseo.fi\",\"isPartOf\":{\"@id\":\"https:\\\/\\\/kummamuseo.fi\\\/#website\"},\"primaryImageOfPage\":{\"@id\":\"https:\\\/\\\/kummamuseo.fi\\\/en\\\/public-art\\\/#primaryimage\"},\"image\":{\"@id\":\"https:\\\/\\\/kummamuseo.fi\\\/en\\\/public-art\\\/#primaryimage\"},\"thumbnailUrl\":\"https:\\\/\\\/kummamuseo.fi\\\/wp-content\\\/uploads\\\/2024\\\/06\\\/Veljmiehen-paljastus-1.jpg\",\"datePublished\":\"2021-03-09T11:47:52+00:00\",\"dateModified\":\"2025-10-16T07:24:41+00:00\",\"breadcrumb\":{\"@id\":\"https:\\\/\\\/kummamuseo.fi\\\/en\\\/public-art\\\/#breadcrumb\"},\"inLanguage\":\"en-US\",\"potentialAction\":[{\"@type\":\"ReadAction\",\"target\":[\"https:\\\/\\\/kummamuseo.fi\\\/en\\\/public-art\\\/\"]}]},{\"@type\":\"ImageObject\",\"inLanguage\":\"en-US\",\"@id\":\"https:\\\/\\\/kummamuseo.fi\\\/en\\\/public-art\\\/#primaryimage\",\"url\":\"https:\\\/\\\/kummamuseo.fi\\\/wp-content\\\/uploads\\\/2024\\\/06\\\/Veljmiehen-paljastus-1.jpg\",\"contentUrl\":\"https:\\\/\\\/kummamuseo.fi\\\/wp-content\\\/uploads\\\/2024\\\/06\\\/Veljmiehen-paljastus-1.jpg\",\"width\":1903,\"height\":472},{\"@type\":\"BreadcrumbList\",\"@id\":\"https:\\\/\\\/kummamuseo.fi\\\/en\\\/public-art\\\/#breadcrumb\",\"itemListElement\":[{\"@type\":\"ListItem\",\"position\":1,\"name\":\"Home\",\"item\":\"https:\\\/\\\/kummamuseo.fi\\\/en\\\/home\\\/\"},{\"@type\":\"ListItem\",\"position\":2,\"name\":\"Public art\"}]},{\"@type\":\"WebSite\",\"@id\":\"https:\\\/\\\/kummamuseo.fi\\\/#website\",\"url\":\"https:\\\/\\\/kummamuseo.fi\\\/\",\"name\":\"kummamuseo.fi\",\"description\":\"Taidemuseo Kuopiossa\",\"publisher\":{\"@id\":\"https:\\\/\\\/kummamuseo.fi\\\/#organization\"},\"potentialAction\":[{\"@type\":\"SearchAction\",\"target\":{\"@type\":\"EntryPoint\",\"urlTemplate\":\"https:\\\/\\\/kummamuseo.fi\\\/?s={search_term_string}\"},\"query-input\":{\"@type\":\"PropertyValueSpecification\",\"valueRequired\":true,\"valueName\":\"search_term_string\"}}],\"inLanguage\":\"en-US\"},{\"@type\":\"Organization\",\"@id\":\"https:\\\/\\\/kummamuseo.fi\\\/#organization\",\"name\":\"kummamuseo.fi\",\"url\":\"https:\\\/\\\/kummamuseo.fi\\\/\",\"logo\":{\"@type\":\"ImageObject\",\"inLanguage\":\"en-US\",\"@id\":\"https:\\\/\\\/kummamuseo.fi\\\/#\\\/schema\\\/logo\\\/image\\\/\",\"url\":\"https:\\\/\\\/kummamuseo.fi\\\/wp-content\\\/uploads\\\/2025\\\/04\\\/cropped-Kumma-ikoni-2.png\",\"contentUrl\":\"https:\\\/\\\/kummamuseo.fi\\\/wp-content\\\/uploads\\\/2025\\\/04\\\/cropped-Kumma-ikoni-2.png\",\"width\":300,\"height\":300,\"caption\":\"kummamuseo.fi\"},\"image\":{\"@id\":\"https:\\\/\\\/kummamuseo.fi\\\/#\\\/schema\\\/logo\\\/image\\\/\"}}]}<\/script>\n<!-- \/ Yoast SEO plugin. -->","yoast_head_json":{"title":"Public art - kummamuseo.fi","robots":{"index":"index","follow":"follow","max-snippet":"max-snippet:-1","max-image-preview":"max-image-preview:large","max-video-preview":"max-video-preview:-1"},"canonical":"https:\/\/kummamuseo.fi\/en\/public-art\/","og_locale":"en_US","og_type":"article","og_title":"Public art - kummamuseo.fi","og_description":"Kuopio is known for its large and diverse collection of public art. The city has around 150 outdoor artworks &#8211; sculptures, reliefs, plaques, environmental works and murals. More than half [&hellip;]","og_url":"https:\/\/kummamuseo.fi\/en\/public-art\/","og_site_name":"kummamuseo.fi","article_modified_time":"2025-10-16T07:24:41+00:00","og_image":[{"width":1903,"height":472,"url":"https:\/\/kummamuseo.fi\/wp-content\/uploads\/2024\/06\/Veljmiehen-paljastus-1.jpg","type":"image\/jpeg"}],"twitter_card":"summary_large_image","twitter_misc":{"Est. reading time":"2 minutes"},"schema":{"@context":"https:\/\/schema.org","@graph":[{"@type":"WebPage","@id":"https:\/\/kummamuseo.fi\/en\/public-art\/","url":"https:\/\/kummamuseo.fi\/en\/public-art\/","name":"Public art - kummamuseo.fi","isPartOf":{"@id":"https:\/\/kummamuseo.fi\/#website"},"primaryImageOfPage":{"@id":"https:\/\/kummamuseo.fi\/en\/public-art\/#primaryimage"},"image":{"@id":"https:\/\/kummamuseo.fi\/en\/public-art\/#primaryimage"},"thumbnailUrl":"https:\/\/kummamuseo.fi\/wp-content\/uploads\/2024\/06\/Veljmiehen-paljastus-1.jpg","datePublished":"2021-03-09T11:47:52+00:00","dateModified":"2025-10-16T07:24:41+00:00","breadcrumb":{"@id":"https:\/\/kummamuseo.fi\/en\/public-art\/#breadcrumb"},"inLanguage":"en-US","potentialAction":[{"@type":"ReadAction","target":["https:\/\/kummamuseo.fi\/en\/public-art\/"]}]},{"@type":"ImageObject","inLanguage":"en-US","@id":"https:\/\/kummamuseo.fi\/en\/public-art\/#primaryimage","url":"https:\/\/kummamuseo.fi\/wp-content\/uploads\/2024\/06\/Veljmiehen-paljastus-1.jpg","contentUrl":"https:\/\/kummamuseo.fi\/wp-content\/uploads\/2024\/06\/Veljmiehen-paljastus-1.jpg","width":1903,"height":472},{"@type":"BreadcrumbList","@id":"https:\/\/kummamuseo.fi\/en\/public-art\/#breadcrumb","itemListElement":[{"@type":"ListItem","position":1,"name":"Home","item":"https:\/\/kummamuseo.fi\/en\/home\/"},{"@type":"ListItem","position":2,"name":"Public art"}]},{"@type":"WebSite","@id":"https:\/\/kummamuseo.fi\/#website","url":"https:\/\/kummamuseo.fi\/","name":"kummamuseo.fi","description":"Taidemuseo Kuopiossa","publisher":{"@id":"https:\/\/kummamuseo.fi\/#organization"},"potentialAction":[{"@type":"SearchAction","target":{"@type":"EntryPoint","urlTemplate":"https:\/\/kummamuseo.fi\/?s={search_term_string}"},"query-input":{"@type":"PropertyValueSpecification","valueRequired":true,"valueName":"search_term_string"}}],"inLanguage":"en-US"},{"@type":"Organization","@id":"https:\/\/kummamuseo.fi\/#organization","name":"kummamuseo.fi","url":"https:\/\/kummamuseo.fi\/","logo":{"@type":"ImageObject","inLanguage":"en-US","@id":"https:\/\/kummamuseo.fi\/#\/schema\/logo\/image\/","url":"https:\/\/kummamuseo.fi\/wp-content\/uploads\/2025\/04\/cropped-Kumma-ikoni-2.png","contentUrl":"https:\/\/kummamuseo.fi\/wp-content\/uploads\/2025\/04\/cropped-Kumma-ikoni-2.png","width":300,"height":300,"caption":"kummamuseo.fi"},"image":{"@id":"https:\/\/kummamuseo.fi\/#\/schema\/logo\/image\/"}}]}},"coauthors":[],"author_meta":{"author_link":"https:\/\/kummamuseo.fi\/en\/author\/jyri-petteri-vaisanenkuopio-fi\/","display_name":"Jyri V\u00e4is\u00e4nen"},"relative_dates":{"created":"Posted 5 years ago","modified":"Updated 7 months ago"},"absolute_dates":{"created":"Posted on 9.3.2021","modified":"Updated on 16.10.2025"},"absolute_dates_time":{"created":"Posted on 9.3.2021 13:47","modified":"Updated on 16.10.2025 10:24"},"featured_img_caption":"","featured_img":"https:\/\/kummamuseo.fi\/wp-content\/uploads\/2024\/06\/Veljmiehen-paljastus-1.jpg","series_order":"","_links":{"self":[{"href":"https:\/\/kummamuseo.fi\/en\/wp-json\/wp\/v2\/pages\/6902","targetHints":{"allow":["GET"]}}],"collection":[{"href":"https:\/\/kummamuseo.fi\/en\/wp-json\/wp\/v2\/pages"}],"about":[{"href":"https:\/\/kummamuseo.fi\/en\/wp-json\/wp\/v2\/types\/page"}],"author":[{"embeddable":true,"href":"https:\/\/kummamuseo.fi\/en\/wp-json\/wp\/v2\/users\/7"}],"replies":[{"embeddable":true,"href":"https:\/\/kummamuseo.fi\/en\/wp-json\/wp\/v2\/comments?post=6902"}],"version-history":[{"count":24,"href":"https:\/\/kummamuseo.fi\/en\/wp-json\/wp\/v2\/pages\/6902\/revisions"}],"predecessor-version":[{"id":11810,"href":"https:\/\/kummamuseo.fi\/en\/wp-json\/wp\/v2\/pages\/6902\/revisions\/11810"}],"wp:featuredmedia":[{"embeddable":true,"href":"https:\/\/kummamuseo.fi\/en\/wp-json\/wp\/v2\/media\/6668"}],"wp:attachment":[{"href":"https:\/\/kummamuseo.fi\/en\/wp-json\/wp\/v2\/media?parent=6902"}],"curies":[{"name":"wp","href":"https:\/\/api.w.org\/{rel}","templated":true}]}}